{"id":50,"date":"2016-05-08T16:38:06","date_gmt":"2016-05-08T16:38:06","guid":{"rendered":"http:\/\/strongholdthemes.com\/techlife\/?page_id=50"},"modified":"2022-02-06T01:18:35","modified_gmt":"2022-02-06T01:18:35","slug":"usluge","status":"publish","type":"page","link":"https:\/\/pczone.rs\/index.php\/usluge\/","title":{"rendered":"Usluge koje vam nudimo !"},"content":{"rendered":"<p>[vc_row][vc_column][vc_row_inner][vc_column_inner offset=&#8221;vc_col-lg-4&#8243;]<div class=\"single-icon-box stronghold-icon-box-wrapper\" style=\"cursor: pointer;\" onclick=\"javascript:location.href='#'\"><div class=\"stronghold-icon-box-front\" style=\"transform: none;background:linear-gradient(\r\n        #5dca7d, \r\n        #5dca7d\r\n    ) ;\"data-color=\"#5dca7d\"><div class=\"stronghold-info-icon\"><i class=\"icon-smartphone\" style=\"font-size:80px; color:#ffffff;\"><\/i><\/div><div class=\"stronghold-info-icon-content-front\" style=\"padding-top: 15px;\"><div class=\"stronghold-info-icon-title\"><h4 style=\"font-size:18px; color:#ffffff;\">Popravka telefona &amp; tableta <\/h4><\/div><div class=\"stronghold-info-icon-desc\"><p style=\" color:#ffffff;\">Dijagnostika, servisiranje i popravka telekomunikacionih ure\u0111aja i opreme, pre - konfiguracija i promene softvera kao i programska podr\u0161ka mobilnih telefona, uz kori\u0161\u0107enje moderne opreme i principa servisiranja identi\u010dnim onima koji se primenjuju u autorizovanim servisnim centrima u Evropi. <\/p><\/div><\/div><\/div><\/div>[\/vc_column_inner][vc_column_inner offset=&#8221;vc_col-lg-4&#8243;]<div class=\"single-icon-box stronghold-icon-box-wrapper\" style=\"cursor: pointer;\" onclick=\"javascript:location.href='#'\"><div class=\"stronghold-icon-box-front\" style=\"transform: none;background:linear-gradient(\r\n        #323332, \r\n        #323332\r\n    ) ;\"data-color=\"#323332\"><div class=\"stronghold-info-icon\"><i class=\"icon-monitor\" style=\"font-size:80px; color:#ffffff;\"><\/i><\/div><div class=\"stronghold-info-icon-content-front\" style=\"padding-top: 15px;\"><div class=\"stronghold-info-icon-title\"><h4 style=\"font-size:18px; color:#ffffff;\">PC &amp; Mac Popravka <\/h4><\/div><div class=\"stronghold-info-icon-desc\"><p style=\" color:#e8e8e8;\">U servisu ra\u010dunara PC ZONE vr\u0161imo sve vidove popravki (servisa) va\u0161eg desktop ra\u010dunara. Tu smo zbog Vas i trudi\u0107emo se da Vam iza\u0111emo u susret i da Vam budemo od pomo\u0107i pri svakom kvaru i problemu na Va\u0161em ra\u010dunaru. <\/p><\/div><\/div><\/div><\/div>[\/vc_column_inner][vc_column_inner offset=&#8221;vc_col-lg-4&#8243;]<div class=\"single-icon-box stronghold-icon-box-wrapper\" style=\"cursor: pointer;\" onclick=\"javascript:location.href='#'\"><div class=\"stronghold-icon-box-front\" style=\"transform: none;background:linear-gradient(\r\n        #5dca7d, \r\n        #5dca7d\r\n    ) ;\"data-color=\"#5dca7d\"><div class=\"stronghold-info-icon\"><i class=\"icon-gamecontroller\" style=\"font-size:80px; color:#ffffff;\"><\/i><\/div><div class=\"stronghold-info-icon-content-front\" style=\"padding-top: 15px;\"><div class=\"stronghold-info-icon-title\"><h4 style=\"font-size:18px; color:#ffffff;\">Popravka konzola <\/h4><\/div><div class=\"stronghold-info-icon-desc\"><p style=\" color:#ffffff;\">Specijalnost nam je sevrvis svih vrsta konzola na tr\u017ei\u0161tu kao \u0161to su: Playstation 3, 4 i 5, Xbox 360, Xbox One, Xbox X i Nintendo switch konzole. Veliko iskustvo u servisiranju konzola i dodatne opreme kao \u0161to su d\u017eojstici i kontroleri sa sve vrste konzola. <\/p><\/div><\/div><\/div><\/div>[\/vc_column_inner][\/vc_row_inner][vc_row_inner][vc_column_inner offset=&#8221;vc_col-lg-4&#8243;]<div class=\"single-icon-box stronghold-icon-box-wrapper\" style=\"cursor: pointer;\" onclick=\"javascript:location.href='#'\"><div class=\"stronghold-icon-box-front\" style=\"transform: none;background:linear-gradient(\r\n        #323332, \r\n        #323332\r\n    ) ;\"data-color=\"#323332\"><div class=\"stronghold-info-icon\"><i class=\"icon-smarttv\" style=\"font-size:80px; color:#ffffff;\"><\/i><\/div><div class=\"stronghold-info-icon-content-front\" style=\"padding-top: 15px;\"><div class=\"stronghold-info-icon-title\"><h4 style=\"font-size:18px; color:#ffffff;\">TV popravka <\/h4><\/div><div class=\"stronghold-info-icon-desc\"><p style=\" color:#e8e8e8;\">Danas na tr\u017ei\u0161tu postoje razli\u010diti proizvo\u0111a\u010di tv ure\u0111aja. Neki daju garanciju na godinu dana, neki na dve ili tri godine. Kod nas se ustalilo mi\u0161ljenje da bilo koji ku\u0107ni aparat funkcioni\u0161e sve dok ima garanciju, a kada garancija istekne, gotovo. Ako su ku\u0107ni aparati u pitanju, to je izgleda postalo pravilo. E sada, u odre\u0111enim slu\u010dajevima nije kupovina novog ure\u0111aj najbolje re\u0161enje. svakako, ako ste planirali stari televizor da zamenite novim, a uz to je do\u0161ao i kvar, onda tu nema dalje polemike. Odluku ste doneli i pre nego \u0161to se tv pokvario, stoga ne bismo da sugeri\u0161emo da li je popravka televizora bolje i isplativije re\u0161enje. <\/p><\/div><\/div><\/div><\/div>[\/vc_column_inner][vc_column_inner offset=&#8221;vc_col-lg-4&#8243;]<div class=\"single-icon-box stronghold-icon-box-wrapper\" style=\"cursor: pointer;\" onclick=\"javascript:location.href='#'\"><div class=\"stronghold-icon-box-front\" style=\"transform: none;background:linear-gradient(\r\n        #5dca7d, \r\n        #5dca7d\r\n    ) ;\"data-color=\"#5dca7d\"><div class=\"stronghold-info-icon\"><i class=\"fa fa-bitcoin\" style=\"font-size:80px; color:#ffffff;\"><\/i><\/div><div class=\"stronghold-info-icon-content-front\" style=\"padding-top: 15px;\"><div class=\"stronghold-info-icon-title\"><h4 style=\"font-size:18px; color:#ffffff;\">Servis rigova za kopanje kriptovaluta <\/h4><\/div><div class=\"stronghold-info-icon-desc\"><p style=\" color:#ffffff;\">PC ZONE servis vam nudi servisiranje masina za kriptovalute , prodaju i podesavanje masina kako bi sto lakse presli u novu eru digitalnog novca. <\/p><\/div><\/div><\/div><\/div>[\/vc_column_inner][vc_column_inner offset=&#8221;vc_col-lg-4&#8243;]<div class=\"single-icon-box stronghold-icon-box-wrapper\" style=\"cursor: pointer;\" onclick=\"javascript:location.href='#'\"><div class=\"stronghold-icon-box-front\" style=\"transform: none;background:linear-gradient(\r\n        #323332, \r\n        #323332\r\n    ) ;\"data-color=\"#323332\"><div class=\"stronghold-info-icon\"><i class=\"icon-videosurveillance\" style=\"font-size:80px; color:#ffffff;\"><\/i><\/div><div class=\"stronghold-info-icon-content-front\" style=\"padding-top: 15px;\"><div class=\"stronghold-info-icon-title\"><h4 style=\"font-size:18px; color:#ffffff;\">Ugradnja video nadzora <\/h4><\/div><div class=\"stronghold-info-icon-desc\"><p style=\" color:#e8e8e8;\">Firma PC ZONE vrsi ugradnju i digitalnog i analognog nadzora. Bezicne kamere za video nadzor pru\u017eaju mogu\u0107nost prenosa slike preko internet mre\u017ee \u0161to omogu\u0107uje gledanje, snimanje i pretragu snimljenog materijala sa bilo kog mesta putem PC ra\u010dunara ili mobilnog telefona. I upravo taj video nadzor preko interneta (WiFi) i mobilnog telefona je jedna od glavnih prednosti ovog sistema, jer vam daje mogu\u0107nost da konstantno i u svakom trenutku sve imate pod kontrolom. <\/p><\/div><\/div><\/div><\/div>[\/vc_column_inner][\/vc_row_inner][\/vc_column][\/vc_row][vc_row full_width=&#8221;stretch_row&#8221; css=&#8221;.vc_custom_1472663564079{margin-bottom: -45px !important;padding-top: 10px !important;padding-bottom: 10px !important;background-color: #5dca7d !important;}&#8221;][vc_column css=&#8221;.vc_custom_1464498769023{padding-top: 0px !important;}&#8221;]<div class=\"stronghold-call-to-action-wrapper\"><div class=\"call-text-wrapper\"><div class=\"call-title\"><h4 style=\"font-size:20px; color:#ffffff;\">Niste pronasli resenje za vas problem ovde? <\/h4><\/div><\/div><div class=\"call-link\"><a class=\"btn\" href=\"http:\/index.php\/contact\/\" style=\"font-size:14px;color:#ffffff; border: 2px solid #ffffff;\" data-color=\"#ffffff\">Pozovite nas<\/a><\/div><\/div><div class=\"quote-form-wrapper remodal\" data-remodal-id=\"quick-quote\" data-remodal-options=\"hashTracking: false\"><div class=\"container\"><button data-remodal-action=\"close\" class=\"remodal-close\"><\/button><h3 class=\"quote-form-title\">Popunite formu za pomoc ispod.<\/h3><div class=\"quote-form\">[contact-form-7 404 \"Not Found\"] <\/div><\/div><\/div>[\/vc_column][\/vc_row]<\/p>\n","protected":false},"excerpt":{"rendered":"<p>[vc_row][vc_column][vc_row_inner][vc_column_inner offset=&#8221;vc_col-lg-4&#8243;][\/vc_column_inner][vc_column_inner offset=&#8221;vc_col-lg-4&#8243;][\/vc_column_inner][vc_column_inner offset=&#8221;vc_col-lg-4&#8243;][\/vc_column_inner][\/vc_row_inner][vc_row_inner][vc_column_inner offset=&#8221;vc_col-lg-4&#8243;][\/vc_column_inner][vc_column_inner offset=&#8221;vc_col-lg-4&#8243;][\/vc_column_inner][vc_column_inner offset=&#8221;vc_col-lg-4&#8243;][\/vc_column_inner][\/vc_row_inner][\/vc_column][\/vc_row][vc_row full_width=&#8221;stretch_row&#8221; css=&#8221;.vc_custom_1472663564079{margin-bottom: -45px !important;padding-top: 10px !important;padding-bottom: 10px !important;background-color: #5dca7d !important;}&#8221;][vc_column css=&#8221;.vc_custom_1464498769023{padding-top: 0px !important;}&#8221;][\/vc_column][\/vc_row]<\/p>\n","protected":false},"author":1,"featured_media":0,"parent":0,"menu_order":0,"comment_status":"closed","ping_status":"closed","template":"","meta":{"om_disable_all_campaigns":false,"_monsterinsights_skip_tracking":false,"_monsterinsights_sitenote_active":false,"_monsterinsights_sitenote_note":"","_monsterinsights_sitenote_category":0},"aioseo_notices":[],"_links":{"self":[{"href":"https:\/\/pczone.rs\/index.php\/wp-json\/wp\/v2\/pages\/50"}],"collection":[{"href":"https:\/\/pczone.rs\/index.php\/wp-json\/wp\/v2\/pages"}],"about":[{"href":"https:\/\/pczone.rs\/index.php\/wp-json\/wp\/v2\/types\/page"}],"author":[{"embeddable":true,"href":"https:\/\/pczone.rs\/index.php\/wp-json\/wp\/v2\/users\/1"}],"replies":[{"embeddable":true,"href":"https:\/\/pczone.rs\/index.php\/wp-json\/wp\/v2\/comments?post=50"}],"version-history":[{"count":8,"href":"https:\/\/pczone.rs\/index.php\/wp-json\/wp\/v2\/pages\/50\/revisions"}],"predecessor-version":[{"id":1038,"href":"https:\/\/pczone.rs\/index.php\/wp-json\/wp\/v2\/pages\/50\/revisions\/1038"}],"wp:attachment":[{"href":"https:\/\/pczone.rs\/index.php\/wp-json\/wp\/v2\/media?parent=50"}],"curies":[{"name":"wp","href":"https:\/\/api.w.org\/{rel}","templated":true}]}}