{"id":33,"date":"2016-05-08T03:46:39","date_gmt":"2016-05-08T03:46:39","guid":{"rendered":"http:\/\/strongholdthemes.com\/techlife\/?page_id=33"},"modified":"2024-12-15T00:51:07","modified_gmt":"2024-12-14T23:51:07","slug":"about","status":"publish","type":"page","link":"https:\/\/pczone.rs\/index.php\/about\/","title":{"rendered":"O nama"},"content":{"rendered":"<p>[vc_row css=&#8221;.vc_custom_1557614717201{margin-bottom: 50px !important;}&#8221;][vc_column][vc_row_inner][vc_column_inner offset=&#8221;vc_col-lg-6&#8243;]<div class=\"stronghold-heading\"><h4 style=\"\">Zasto mi<\/h4><span style=\"background:#5dca7d;\" class=\"heading-separator\"><\/span><\/div>[vc_column_text]Mi smo servis ra\u010dunara koji pru\u017ea IT podr\u0161ku kao i servisiranje svih vrsta ra\u010dunara, bilo da se radi o software-u ili hardware-u. Sve je ve\u0107i broj ure\u0111aja na tr\u017ei\u0161tu, a sa njima i problemi na koje nailazite. Na\u0161i stru\u010dnjaci \u0107e re\u0161iti bilo koji problem da imate sa va\u0161im ra\u010dunarom. Na\u0161 cilj nije samo da Vam re\u0161imo problem koji Vam zadaje glavobolju, mada mi to radimo veoma dobro, ve\u0107 i da Vas nau\u010dimo kako da koristite ra\u010dunar u datim situacijama i da Vam se ne de\u0161avaju vi\u0161e sli\u010dni problemi.<\/p>\n<p>Kako Vam mo\u017eemo pomo\u0107i jo\u0161 danas? Nijedan problem nije previ\u0161e mali ni previ\u0161e veliki za nas, mi nismo od onih servisa koji odbijaju da Vam rade ra\u010dunar jer je problem mali ili naprotiv veliki pa nije re\u0161iv. Kod nas ra\u010dunar ne\u0107ete \u010dekati du\u017ee od 7 dana, a ako kojim slu\u010dajem zadr\u017eimo du\u017ee od 7 dana, dobicete poziv sa objasnjenjem zasto je doslo do kasnjenja a obicno se to desava usled nedostatka delova za potrebnih za vas racunar.[\/vc_column_text][\/vc_column_inner][vc_column_inner offset=&#8221;vc_col-lg-6&#8243;][vc_empty_space height=&#8221;60px&#8221;][vc_single_image image=&#8221;1007&#8243; img_size=&#8221;full&#8221;][\/vc_column_inner][\/vc_row_inner][vc_empty_space][\/vc_column][\/vc_row][vc_row css=&#8221;.vc_custom_1557614822345{margin-bottom: 50px !important;}&#8221;][vc_column]<div class=\"stronghold-heading\"><h4 style=\" text-align: center;\">Nasa misija<\/h4><span style=\" margin: 0 auto;background:#5dca7d;\" class=\"heading-separator\"><\/span><\/div>[vc_empty_space][vc_row_inner][vc_column_inner width=&#8221;1\/2&#8243;]<div class=\"stronghold-info-list-wrapper\" style=\"\"><div class=\"stronghold-info-list-item\"><div class=\"stronghold-info-list-icon\"><i class=\"fa fa-check-circle\" style=\"font-size:18px; color:#5dca7d;\"><\/i><\/div><div class=\"stronghold-info-list-content\"><div class=\"stronghold-info-list-title\"><h4 style=\"\"><\/h4><\/div><div class=\"stronghold-info-list-desc\"><div style=\"\">Obezbediti efikasna IT re\u0161enja. <\/div><\/div><\/div><\/div><div class=\"stronghold-info-list-item\"><div class=\"stronghold-info-list-icon\"><i class=\"fa fa-check-circle\" style=\"font-size:18px; color:#5dca7d;\"><\/i><\/div><div class=\"stronghold-info-list-content\"><div class=\"stronghold-info-list-title\"><h4 style=\"\"><\/h4><\/div><div class=\"stronghold-info-list-desc\"><div style=\"\">Obezbediti kvalitetne usluge kako bi pobolj\u0161ali efektivnost na\u0161ih klijenata. <\/div><\/div><\/div><\/div><div class=\"stronghold-info-list-item\"><div class=\"stronghold-info-list-icon\"><i class=\"fa fa-check-circle\" style=\"font-size:18px; color:#5dca7d;\"><\/i><\/div><div class=\"stronghold-info-list-content\"><div class=\"stronghold-info-list-title\"><h4 style=\"\"><\/h4><\/div><div class=\"stronghold-info-list-desc\"><div style=\"\">Da budemo lider u pru\u017eanju IT usluga. <\/div><\/div><\/div><\/div><\/div>[\/vc_column_inner][vc_column_inner width=&#8221;1\/2&#8243;]<div class=\"stronghold-info-list-wrapper\" style=\"\"><div class=\"stronghold-info-list-item\"><div class=\"stronghold-info-list-icon\"><i class=\"fa fa-check-circle\" style=\"font-size:18px; color:#5dca7d;\"><\/i><\/div><div class=\"stronghold-info-list-content\"><div class=\"stronghold-info-list-title\"><h4 style=\"\"><\/h4><\/div><div class=\"stronghold-info-list-desc\"><div style=\"\">\u0160to vi\u0161e klijenata a ne \u0161to vi\u0161a cena. <\/div><\/div><\/div><\/div><div class=\"stronghold-info-list-item\"><div class=\"stronghold-info-list-icon\"><i class=\"fa fa-check-circle\" style=\"font-size:18px; color:#5dca7d;\"><\/i><\/div><div class=\"stronghold-info-list-content\"><div class=\"stronghold-info-list-title\"><h4 style=\"\"><\/h4><\/div><div class=\"stronghold-info-list-desc\"><div style=\"\">Napredovanje u skladu sa svetskim trendovima. <\/div><\/div><\/div><\/div><div class=\"stronghold-info-list-item\"><div class=\"stronghold-info-list-icon\"><i class=\"fa fa-check-circle\" style=\"font-size:18px; color:#5dca7d;\"><\/i><\/div><div class=\"stronghold-info-list-content\"><div class=\"stronghold-info-list-title\"><h4 style=\"\"><\/h4><\/div><div class=\"stronghold-info-list-desc\"><div style=\"\">Cuvamo prirodu za generacije koje dolaze. <\/div><\/div><\/div><\/div><\/div>[\/vc_column_inner][\/vc_row_inner][\/vc_column][\/vc_row][vc_row][vc_column][vc_empty_space][vc_row_inner][vc_column_inner]<div class=\"stronghold-heading\"><h4 style=\" text-align: center;\">Nas tim<\/h4><span style=\" margin: 0 auto;background:#5dca7d;\" class=\"heading-separator\"><\/span><\/div>[vc_empty_space]<div class=\"stronghold-team-wrapper\"><div class=\"stronghold-team-members-carousel owl-carousel not-rendered\" data-speed=\"5000\" data-items=\"2\" data-count=\"2\"><div class=\"team-member-block animated\"><div class=\"team-member-block-img\"><div class=\"hover-overlay\"><i class=\"item-overlay-icon fa fa-link\"><\/i><\/div><img src=\"https:\/\/pczone.rs\/wp-content\/uploads\/2016\/05\/dummy1-370x260.png\" alt=\"Team Member Image\"><a rel=\"external\" href=\"https:\/\/pczone.rs\/index.php\/serviseri\/ivica-milosevic\/ \"><\/a><\/div><div class=\"team-member-main-detail\"><h5 class=\"team-member-main-name\" style=\"\">Ivica Milosevic<\/h5> <h6 class=\"team-member-main-pos\" style=\"\">Administracija<\/h6><div class=\"team-member-main-bio\"><p>Ivica je glavni administrator vodja grupe, dugogodisnji poznavalac racunara kao i zaljubljenik u tehnicke inovacije\u00a0 ujedno i dizajner na vise poznatih svetskih platformi.<\/p><\/div><div class=\"team-member-block-social\"><ul class=\"team-member-block-social-list social-icons-list\"><li><a class=\"\" href=\"http:\/\/facebook.com\" target=\"_blank\" title=\"Facebook\"><\/a><\/li><li><a class=\"\" href=\"http:\/\/instagram.com\" target=\"_blank\" title=\"Instagram\"><\/a><\/li><\/ul><\/div> <\/div>  <\/div><div class=\"team-member-block animated\"><div class=\"team-member-block-img\"><div class=\"hover-overlay\"><i class=\"item-overlay-icon fa fa-link\"><\/i><\/div><img src=\"https:\/\/pczone.rs\/wp-content\/uploads\/2016\/05\/dummy1-370x260.png\" alt=\"Team Member Image\"><a rel=\"external\" href=\"https:\/\/pczone.rs\/index.php\/serviseri\/nenad-djurovic\/ \"><\/a><\/div><div class=\"team-member-main-detail\"><h5 class=\"team-member-main-name\" style=\"\">Nenad Djurovic<\/h5> <h6 class=\"team-member-main-pos\" style=\"\">CEO\/Founder<\/h6><div class=\"team-member-main-bio\"><p>Vlasnik i osnivac servisa od 2010 godine.<\/p><\/div><div class=\"team-member-block-social\"><ul class=\"team-member-block-social-list social-icons-list\"><li><a class=\"\" href=\"http:\/\/facebook.com\" target=\"_blank\" title=\"Facebook\"><\/a><\/li><li><a class=\"\" href=\"http:\/\/twitter.com\" target=\"_blank\" title=\"Twitter\"><\/a><\/li><li><a class=\"\" href=\"http:\/\/linkedin.com\" target=\"_blank\" title=\"LinkedIn\"><\/a><\/li><\/ul><\/div> <\/div>  <\/div> <\/div> <\/div> [\/vc_column_inner][\/vc_row_inner][vc_empty_space height=&#8221;60px&#8221;][vc_row_inner][vc_column_inner offset=&#8221;vc_col-lg-6&#8243;]<div class=\"stronghold-heading\"><h4 style=\"color:#dd3333; font-size:26px;\">Sta misle nase musterije sa KP<\/h4><span style=\"background:#4269dd;\" class=\"heading-separator\"><\/span><\/div>[vc_empty_space]<div class=\"stronghold-testimonials-wrapper\"><div class=\"stronghold-testimonials owl-carousel not-rendered\" data-speed=\"5000\" data-items=\"1\" data-count=\"5\" data-nav=\"false\"><div class=\"stronghold-testimonials-item\"> <div class=\"stronghold-testim-text\" style=\"background:#f7f7f7; \"><i class=\"fa fa-quote-left\"><\/i><p>Tri kupljena kompjutera. Svi zadovoljni.\r\nMaksimalno profesionalan i pouzdan prodavac.\r\nMoja iskrena preporuka..<\/p><span class=\"arr-bottom\" style=\"background:#f7f7f7; \"><\/span> <\/div><div class=\"stronghold-author\"><img width=\"150\" height=\"150\" src=\"https:\/\/pczone.rs\/wp-content\/uploads\/2016\/05\/unnamed-3-150x150.png\" class=\"attachment-thumbnail size-thumbnail wp-post-image\" alt=\"\" loading=\"lazy\" srcset=\"https:\/\/pczone.rs\/wp-content\/uploads\/2016\/05\/unnamed-3-150x150.png 150w, https:\/\/pczone.rs\/wp-content\/uploads\/2016\/05\/unnamed-3-300x300.png 300w, https:\/\/pczone.rs\/wp-content\/uploads\/2016\/05\/unnamed-3-100x100.png 100w, https:\/\/pczone.rs\/wp-content\/uploads\/2016\/05\/unnamed-3.png 512w\" sizes=\"(max-width: 150px) 100vw, 150px\" \/><div class=\"stronghold-author-info\"><div class=\"stronghold-testim-name\" style=\"\">Gabi<\/div> <div class=\"stronghold-testim-position\" style=\"\">zadovoljna musterija<\/div> <div class=\"testimonial-rating\"><i class=\"fa fa-star \"><\/i><i class=\"fa fa-star \"><\/i><i class=\"fa fa-star \"><\/i><i class=\"fa fa-star \"><\/i><i class=\"fa fa-star \"><\/i><\/div>  <\/div> <\/div>   <\/div> <div class=\"stronghold-testimonials-item\"> <div class=\"stronghold-testim-text\" style=\"background:#f7f7f7; \"><i class=\"fa fa-quote-left\"><\/i><p>Pc je odlican. Doslo je do malog nesporazuma prodavca (nije poslao pc sa coolerima sa slike) ali je Nenad veoma brzo tu gresku ispravio i poslao coolere o svom trosku. Za sada racunar fercera samo tako. Preporuka za saradnju i kupovinu od Nenada. Od mene ocena 10 +.<\/p><span class=\"arr-bottom\" style=\"background:#f7f7f7; \"><\/span> <\/div><div class=\"stronghold-author\"><img width=\"150\" height=\"150\" src=\"https:\/\/pczone.rs\/wp-content\/uploads\/2016\/05\/unnamed-2-150x150.png\" class=\"attachment-thumbnail size-thumbnail wp-post-image\" alt=\"\" loading=\"lazy\" srcset=\"https:\/\/pczone.rs\/wp-content\/uploads\/2016\/05\/unnamed-2-150x150.png 150w, https:\/\/pczone.rs\/wp-content\/uploads\/2016\/05\/unnamed-2-300x300.png 300w, https:\/\/pczone.rs\/wp-content\/uploads\/2016\/05\/unnamed-2-100x100.png 100w, https:\/\/pczone.rs\/wp-content\/uploads\/2016\/05\/unnamed-2.png 512w\" sizes=\"(max-width: 150px) 100vw, 150px\" \/><div class=\"stronghold-author-info\"><div class=\"stronghold-testim-name\" style=\"\">Mile<\/div> <div class=\"stronghold-testim-position\" style=\"\">zadovoljna musterija<\/div> <div class=\"testimonial-rating\"><i class=\"fa fa-star \"><\/i><i class=\"fa fa-star \"><\/i><i class=\"fa fa-star \"><\/i><i class=\"fa fa-star \"><\/i><i class=\"fa fa-star \"><\/i><\/div>  <\/div> <\/div>   <\/div> <div class=\"stronghold-testimonials-item\"> <div class=\"stronghold-testim-text\" style=\"background:#f7f7f7; \"><i class=\"fa fa-quote-left\"><\/i><p>Sve pohvale za clana, uveo nas je u kompletno u celu pricu, dao nam odgovore na sva pitanja i sjajne savete. Svaka preporuka za clana, nadam se daljoj saradnji!.<\/p><span class=\"arr-bottom\" style=\"background:#f7f7f7; \"><\/span> <\/div><div class=\"stronghold-author\"><img width=\"150\" height=\"150\" src=\"https:\/\/pczone.rs\/wp-content\/uploads\/2016\/05\/unnamed-1-150x150.png\" class=\"attachment-thumbnail size-thumbnail wp-post-image\" alt=\"\" loading=\"lazy\" srcset=\"https:\/\/pczone.rs\/wp-content\/uploads\/2016\/05\/unnamed-1-150x150.png 150w, https:\/\/pczone.rs\/wp-content\/uploads\/2016\/05\/unnamed-1-300x300.png 300w, https:\/\/pczone.rs\/wp-content\/uploads\/2016\/05\/unnamed-1-100x100.png 100w, https:\/\/pczone.rs\/wp-content\/uploads\/2016\/05\/unnamed-1.png 512w\" sizes=\"(max-width: 150px) 100vw, 150px\" \/><div class=\"stronghold-author-info\"><div class=\"stronghold-testim-name\" style=\"\">Slobodan<\/div> <div class=\"stronghold-testim-position\" style=\"\">zadovoljna musterija<\/div>  <\/div> <\/div>   <\/div> <div class=\"stronghold-testimonials-item\"> <div class=\"stronghold-testim-text\" style=\"background:#f7f7f7; \"><i class=\"fa fa-quote-left\"><\/i><p>Veoma korektna osoba, koja ce vam izaci u susret i pomoci oko kupovine, preporuka za ovog clana, sve pohvale.<\/p><span class=\"arr-bottom\" style=\"background:#f7f7f7; \"><\/span> <\/div><div class=\"stronghold-author\"><img width=\"150\" height=\"150\" src=\"https:\/\/pczone.rs\/wp-content\/uploads\/2016\/05\/unnamed-2-150x150.png\" class=\"attachment-thumbnail size-thumbnail wp-post-image\" alt=\"\" loading=\"lazy\" srcset=\"https:\/\/pczone.rs\/wp-content\/uploads\/2016\/05\/unnamed-2-150x150.png 150w, https:\/\/pczone.rs\/wp-content\/uploads\/2016\/05\/unnamed-2-300x300.png 300w, https:\/\/pczone.rs\/wp-content\/uploads\/2016\/05\/unnamed-2-100x100.png 100w, https:\/\/pczone.rs\/wp-content\/uploads\/2016\/05\/unnamed-2.png 512w\" sizes=\"(max-width: 150px) 100vw, 150px\" \/><div class=\"stronghold-author-info\"><div class=\"stronghold-testim-name\" style=\"\">Damir Hadzisalihovic<\/div> <div class=\"stronghold-testim-position\" style=\"\">zadovoljna musterija<\/div> <div class=\"testimonial-rating\"><i class=\"fa fa-star \"><\/i><i class=\"fa fa-star \"><\/i><i class=\"fa fa-star \"><\/i><i class=\"fa fa-star \"><\/i><i class=\"fa fa-star \"><\/i><\/div>  <\/div> <\/div>   <\/div> <div class=\"stronghold-testimonials-item\"> <div class=\"stronghold-testim-text\" style=\"background:#f7f7f7; \"><i class=\"fa fa-quote-left\"><\/i><p>Same ocene pokazuju da je zadovoljstvo raditi sa ovakvim ljudima. Normalno, sve preporuke\r\n.<\/p><span class=\"arr-bottom\" style=\"background:#f7f7f7; \"><\/span> <\/div><div class=\"stronghold-author\"><img width=\"150\" height=\"150\" src=\"https:\/\/pczone.rs\/wp-content\/uploads\/2016\/05\/unnamed-150x150.png\" class=\"attachment-thumbnail size-thumbnail wp-post-image\" alt=\"\" loading=\"lazy\" srcset=\"https:\/\/pczone.rs\/wp-content\/uploads\/2016\/05\/unnamed-150x150.png 150w, https:\/\/pczone.rs\/wp-content\/uploads\/2016\/05\/unnamed-300x300.png 300w, https:\/\/pczone.rs\/wp-content\/uploads\/2016\/05\/unnamed-100x100.png 100w, https:\/\/pczone.rs\/wp-content\/uploads\/2016\/05\/unnamed.png 512w\" sizes=\"(max-width: 150px) 100vw, 150px\" \/><div class=\"stronghold-author-info\"><div class=\"stronghold-testim-name\" style=\"\">Sasa Lukovic<\/div> <div class=\"stronghold-testim-position\" style=\"\">zadovoljna musterija<\/div> <div class=\"testimonial-rating\"><i class=\"fa fa-star \"><\/i><i class=\"fa fa-star \"><\/i><i class=\"fa fa-star \"><\/i><i class=\"fa fa-star \"><\/i><i class=\"fa fa-star \"><\/i><\/div>  <\/div> <\/div>   <\/div> <\/div><\/div>[\/vc_column_inner][\/vc_row_inner][vc_row_inner][vc_column_inner][vc_empty_space height=&#8221;60px&#8221;]<div class=\"stronghold-heading\"><h4 style=\" text-align: center;\">Nasi partneri<\/h4><span style=\" margin: 0 auto;background:#5dca7d;\" class=\"heading-separator\"><\/span><\/div>[vc_empty_space]<div class=\"stronghold-brands-wrapper\"><div class=\"stronghold-brands owl-carousel not-rendered\" data-speed=\"5000\" data-items=\"4\" data-count=\"5\"><img width=\"220\" height=\"120\" src=\"https:\/\/pczone.rs\/wp-content\/uploads\/2016\/05\/emi-220x120.jpg\" class=\"attachment-tech-life-brand-thumb size-tech-life-brand-thumb wp-post-image\" alt=\"\" loading=\"lazy\" srcset=\"https:\/\/pczone.rs\/wp-content\/uploads\/2016\/05\/emi-220x120.jpg 220w, https:\/\/pczone.rs\/wp-content\/uploads\/2016\/05\/emi-370x200.jpg 370w\" sizes=\"(max-width: 220px) 100vw, 220px\" \/><img width=\"220\" height=\"120\" src=\"https:\/\/pczone.rs\/wp-content\/uploads\/2016\/05\/gigatron-220x120.jpg\" class=\"attachment-tech-life-brand-thumb size-tech-life-brand-thumb wp-post-image\" alt=\"\" loading=\"lazy\" srcset=\"https:\/\/pczone.rs\/wp-content\/uploads\/2016\/05\/gigatron-220x120.jpg 220w, https:\/\/pczone.rs\/wp-content\/uploads\/2016\/05\/gigatron-370x200.jpg 370w\" sizes=\"(max-width: 220px) 100vw, 220px\" \/><img width=\"220\" height=\"120\" src=\"https:\/\/pczone.rs\/wp-content\/uploads\/2016\/05\/tehnomania-220x120.jpg\" class=\"attachment-tech-life-brand-thumb size-tech-life-brand-thumb wp-post-image\" alt=\"\" loading=\"lazy\" srcset=\"https:\/\/pczone.rs\/wp-content\/uploads\/2016\/05\/tehnomania-220x120.jpg 220w, https:\/\/pczone.rs\/wp-content\/uploads\/2016\/05\/tehnomania-370x200.jpg 370w\" sizes=\"(max-width: 220px) 100vw, 220px\" \/><img width=\"220\" height=\"120\" src=\"https:\/\/pczone.rs\/wp-content\/uploads\/2016\/05\/Untitled-1-220x120.jpg\" class=\"attachment-tech-life-brand-thumb size-tech-life-brand-thumb wp-post-image\" alt=\"\" loading=\"lazy\" srcset=\"https:\/\/pczone.rs\/wp-content\/uploads\/2016\/05\/Untitled-1-220x120.jpg 220w, https:\/\/pczone.rs\/wp-content\/uploads\/2016\/05\/Untitled-1-370x200.jpg 370w\" sizes=\"(max-width: 220px) 100vw, 220px\" \/><img width=\"220\" height=\"120\" src=\"https:\/\/pczone.rs\/wp-content\/uploads\/2016\/05\/winwin-220x120.jpg\" class=\"attachment-tech-life-brand-thumb size-tech-life-brand-thumb wp-post-image\" alt=\"\" loading=\"lazy\" srcset=\"https:\/\/pczone.rs\/wp-content\/uploads\/2016\/05\/winwin-220x120.jpg 220w, https:\/\/pczone.rs\/wp-content\/uploads\/2016\/05\/winwin-370x200.jpg 370w\" sizes=\"(max-width: 220px) 100vw, 220px\" \/><\/div><\/div>[vc_empty_space][\/vc_column_inner][\/vc_row_inner][\/vc_column][\/vc_row][vc_row full_width=&#8221;stretch_row&#8221; css=&#8221;.vc_custom_1468199922837{margin-bottom: -20px !important;padding-top: 10px !important;padding-bottom: 10px !important;background-color: #5dca7d !important;}&#8221;][vc_column css=&#8221;.vc_custom_1464498769023{padding-top: 0px !important;}&#8221;]<div class=\"stronghold-call-to-action-wrapper\"><div class=\"call-text-wrapper\"><div class=\"call-title\"><h4 style=\"font-size:20px; color:#ffffff;\">jos uvek vam treba pomoc oko racunara? <\/h4><\/div><\/div><div class=\"call-link\"><a class=\"btn\" href=\"#\" style=\"font-size:14px;color:#ffffff; border: 2px solid #ffffff;\" data-color=\"#ffffff\">Learn More<\/a><\/div><\/div><div class=\"quote-form-wrapper remodal\" data-remodal-id=\"quick-quote\" data-remodal-options=\"hashTracking: false\"><div class=\"container\"><button data-remodal-action=\"close\" class=\"remodal-close\"><\/button><h3 class=\"quote-form-title\">Popunite formu za pomoc ispod.<\/h3><div class=\"quote-form\">[contact-form-7 404 \"Not Found\"] <\/div><\/div><\/div>[\/vc_column][\/vc_row]<\/p>\n","protected":false},"excerpt":{"rendered":"<p>[vc_row css=&#8221;.vc_custom_1557614717201{margin-bottom: 50px !important;}&#8221;][vc_column][vc_row_inner][vc_column_inner offset=&#8221;vc_col-lg-6&#8243;][vc_column_text]Mi smo servis ra\u010dunara koji pru\u017ea IT podr\u0161ku kao i servisiranje svih vrsta ra\u010dunara, bilo da se radi o software-u ili hardware-u. Sve je ve\u0107i broj ure\u0111aja na tr\u017ei\u0161tu, a sa njima i problemi na koje nailazite. Na\u0161i stru\u010dnjaci \u0107e re\u0161iti bilo koji problem da imate sa va\u0161im ra\u010dunarom. Na\u0161 cilj [&hellip;]<\/p>\n","protected":false},"author":1,"featured_media":0,"parent":0,"menu_order":0,"comment_status":"closed","ping_status":"closed","template":"","meta":{"om_disable_all_campaigns":false,"_monsterinsights_skip_tracking":false,"_monsterinsights_sitenote_active":false,"_monsterinsights_sitenote_note":"","_monsterinsights_sitenote_category":0},"aioseo_notices":[],"_links":{"self":[{"href":"https:\/\/pczone.rs\/index.php\/wp-json\/wp\/v2\/pages\/33"}],"collection":[{"href":"https:\/\/pczone.rs\/index.php\/wp-json\/wp\/v2\/pages"}],"about":[{"href":"https:\/\/pczone.rs\/index.php\/wp-json\/wp\/v2\/types\/page"}],"author":[{"embeddable":true,"href":"https:\/\/pczone.rs\/index.php\/wp-json\/wp\/v2\/users\/1"}],"replies":[{"embeddable":true,"href":"https:\/\/pczone.rs\/index.php\/wp-json\/wp\/v2\/comments?post=33"}],"version-history":[{"count":12,"href":"https:\/\/pczone.rs\/index.php\/wp-json\/wp\/v2\/pages\/33\/revisions"}],"predecessor-version":[{"id":1124,"href":"https:\/\/pczone.rs\/index.php\/wp-json\/wp\/v2\/pages\/33\/revisions\/1124"}],"wp:attachment":[{"href":"https:\/\/pczone.rs\/index.php\/wp-json\/wp\/v2\/media?parent=33"}],"curies":[{"name":"wp","href":"https:\/\/api.w.org\/{rel}","templated":true}]}}