{"id":1058,"date":"2022-02-08T00:36:04","date_gmt":"2022-02-08T00:36:04","guid":{"rendered":"http:\/\/pczone.rs\/?page_id=1058"},"modified":"2024-06-20T01:47:15","modified_gmt":"2024-06-19T23:47:15","slug":"cene-usluga","status":"publish","type":"page","link":"https:\/\/pczone.rs\/index.php\/cene-usluga\/","title":{"rendered":"Cene usluga"},"content":{"rendered":"<p>[vc_row][vc_column][vc_column_text]<\/p>\n<h2 data-fontsize=\"24\" data-lineheight=\"36\">Servis ra\u010dunara cenovnik usluga<\/h2>\n<p><strong>Cenovnik usluga\u00a0<\/strong>prikazan u tablici je cena za servis svih modela ra\u010dunara monitora i laptopova.\u00a0<strong>Nema skrivenih tro\u0161kova.<\/strong><br \/>\n<em><strong>Operativni sistemi \u2013 softver \u2013 hardver \u2013 virusi.<\/strong><\/em><\/p>\n<p>Dijagnostika se napla\u0107uje samo ako klijent odustane od popravke ra\u010dunara ili monitora u na\u0161em servisu<\/p>\n<div class=\"table-2\">\n<table width=\"100%\">\n<thead>\n<tr>\n<th>Usluga<\/th>\n<th>Napomena<\/th>\n<th>Cena<\/th>\n<\/tr>\n<\/thead>\n<tbody>\n<tr>\n<td>Dijagnostika<\/td>\n<td><\/td>\n<td>500 din \u2013 1000 din<\/td>\n<\/tr>\n<tr>\n<td>Popravka hardvera<\/td>\n<td><\/td>\n<td>od 1000 din<\/td>\n<\/tr>\n<tr>\n<td>Popravka softvera<\/td>\n<td><\/td>\n<td>od 500 din<\/td>\n<\/tr>\n<tr>\n<td>Reinstalacija sistema<\/td>\n<td><\/td>\n<td>1500 din \u2013 2000 din<\/td>\n<\/tr>\n<tr>\n<td>Instalacija programa po zahtevu<\/td>\n<td>po jednom programu<\/td>\n<td>500 din<\/td>\n<\/tr>\n<tr>\n<td>Uklanjanje virusa<\/td>\n<td><\/td>\n<td>1500 din<\/td>\n<\/tr>\n<tr>\n<td>Umre\u017eavanje ra\u010dunara<\/td>\n<td><\/td>\n<td>2400 din<\/td>\n<\/tr>\n<tr>\n<td>Pode\u0161avanje interneta i email-a<\/td>\n<td><\/td>\n<td>1100 din<\/td>\n<\/tr>\n<tr>\n<td>Spa\u0161avanje podataka do 5GB<\/td>\n<td><\/td>\n<td>1500 din<\/td>\n<\/tr>\n<tr>\n<td>\u010cuvanje i kopiranje podataka 5GB<\/td>\n<td><\/td>\n<td>500 din<\/td>\n<\/tr>\n<\/tbody>\n<\/table>\n<\/div>\n<p>&nbsp;<\/p>\n<div class=\"fusion-title title fusion-title-size-two\">\n<h2 class=\"title-heading-left\" data-fontsize=\"24\" data-lineheight=\"36\">Servis desktop i laptop racunara \u2013 monitora i ostalih komponenti.<\/h2>\n<div class=\"title-sep-container\">\n<div class=\"title-sep sep-double\"><\/div>\n<\/div>\n<\/div>\n<p>&nbsp;<\/p>\n<div class=\"table-2\">\n<table width=\"100%\">\n<thead>\n<tr>\n<th>Usluga<\/th>\n<th>Napomena<\/th>\n<th>Cena<\/th>\n<\/tr>\n<\/thead>\n<tbody>\n<tr>\n<td>Nadogradnja ra\u010dunara<\/td>\n<td><\/td>\n<td>1500 din<\/td>\n<\/tr>\n<tr>\n<td>Popravka mati\u010dne plo\u010de<\/td>\n<td><\/td>\n<td>2500 din &#8211; <strong style=\"font-family: inherit; font-size: inherit;\">\u221e<\/strong><\/td>\n<\/tr>\n<tr>\n<td>Popravka grafi\u010dkih kartica<\/td>\n<td><\/td>\n<td>2500 din &#8211; <strong style=\"font-family: inherit; font-size: inherit;\">\u221e<\/strong><\/td>\n<\/tr>\n<tr>\n<td>Sklapanje novih ra\u010dunara<\/td>\n<td><\/td>\n<td>1000 din<\/td>\n<\/tr>\n<tr>\n<td>Popravka monitora<\/td>\n<td><\/td>\n<td>1000 din \u2013 4000 din<\/td>\n<\/tr>\n<tr>\n<td>Zamena ekrana na laptopu<\/td>\n<td>Ukoliko displej za laptop kupujete kod nas,zamena je besplatna!<\/td>\n<td>1200 din<\/td>\n<\/tr>\n<tr>\n<td>Popravka punja\u010da za laptopove<\/td>\n<td><\/td>\n<td>400 din \u2013 2500 din<\/td>\n<\/tr>\n<tr>\n<td>Zamena konektora na laptopu<\/td>\n<td><\/td>\n<td>2500 din &#8211;\u00a0<strong><strong style=\"font-family: inherit; font-size: inherit;\">\u221e<\/strong><\/strong><\/td>\n<\/tr>\n<tr>\n<td>\u010ci\u0161\u0107enje ra\u010dunara od pra\u0161ine<\/td>\n<td><\/td>\n<td>1000 din \u2013 2500 din<\/td>\n<\/tr>\n<\/tbody>\n<\/table>\n<\/div>\n<p>&nbsp;<\/p>\n<div class=\"fusion-title title fusion-title-size-two\">\n<h2 class=\"title-heading-left\" data-fontsize=\"24\" data-lineheight=\"36\">Reballing \u010dipova, zamena pasti na PS3 i PS4 konzolama.<\/h2>\n<div class=\"title-sep-container\">\n<div class=\"title-sep sep-double\"><\/div>\n<\/div>\n<\/div>\n<p>&nbsp;<\/p>\n<div class=\"table-2\">\n<table width=\"100%\">\n<thead>\n<tr>\n<th>Usluga<\/th>\n<th>Napomena<\/th>\n<th>Cena<\/th>\n<\/tr>\n<\/thead>\n<tbody>\n<tr>\n<td>Reballing grafi\u010dkih \u010dipova<\/td>\n<td>Garancija\u00a07 dana<\/td>\n<td>5000 din \u2013 8400 din<\/td>\n<\/tr>\n<tr>\n<td>Reballing ostalih \u010dipova<\/td>\n<td>Garancija 90 dana<\/td>\n<td>3500 din \u2013 8000 din<\/td>\n<\/tr>\n<tr>\n<td>Reballing Sony PS3 RSX \u010dipova<\/td>\n<td>Garancija 90 dana<\/td>\n<td>5000 din<\/td>\n<\/tr>\n<tr>\n<td>Secenje i zamena paste na Sony PS3 i PS4 procesoru<\/td>\n<td>Garancija 90 dana<\/td>\n<td>3500 din<\/td>\n<\/tr>\n<\/tbody>\n<\/table>\n<\/div>\n<p>[\/vc_column_text][\/vc_column][\/vc_row]<\/p>\n","protected":false},"excerpt":{"rendered":"<p>[vc_row][vc_column][vc_column_text] Servis ra\u010dunara cenovnik usluga Cenovnik usluga\u00a0prikazan u tablici je cena za servis svih modela ra\u010dunara monitora i laptopova.\u00a0Nema skrivenih tro\u0161kova. Operativni sistemi \u2013 softver \u2013 hardver \u2013 virusi. Dijagnostika se napla\u0107uje samo ako klijent odustane od popravke ra\u010dunara ili monitora u na\u0161em servisu Usluga Napomena Cena Dijagnostika 500 din \u2013 1000 din Popravka hardvera [&hellip;]<\/p>\n","protected":false},"author":1,"featured_media":0,"parent":0,"menu_order":0,"comment_status":"closed","ping_status":"closed","template":"","meta":{"om_disable_all_campaigns":false,"_monsterinsights_skip_tracking":false,"_monsterinsights_sitenote_active":false,"_monsterinsights_sitenote_note":"","_monsterinsights_sitenote_category":0},"aioseo_notices":[],"_links":{"self":[{"href":"https:\/\/pczone.rs\/index.php\/wp-json\/wp\/v2\/pages\/1058"}],"collection":[{"href":"https:\/\/pczone.rs\/index.php\/wp-json\/wp\/v2\/pages"}],"about":[{"href":"https:\/\/pczone.rs\/index.php\/wp-json\/wp\/v2\/types\/page"}],"author":[{"embeddable":true,"href":"https:\/\/pczone.rs\/index.php\/wp-json\/wp\/v2\/users\/1"}],"replies":[{"embeddable":true,"href":"https:\/\/pczone.rs\/index.php\/wp-json\/wp\/v2\/comments?post=1058"}],"version-history":[{"count":7,"href":"https:\/\/pczone.rs\/index.php\/wp-json\/wp\/v2\/pages\/1058\/revisions"}],"predecessor-version":[{"id":1092,"href":"https:\/\/pczone.rs\/index.php\/wp-json\/wp\/v2\/pages\/1058\/revisions\/1092"}],"wp:attachment":[{"href":"https:\/\/pczone.rs\/index.php\/wp-json\/wp\/v2\/media?parent=1058"}],"curies":[{"name":"wp","href":"https:\/\/api.w.org\/{rel}","templated":true}]}}